{"id":2887,"date":"2024-10-24T13:37:53","date_gmt":"2024-10-24T13:37:53","guid":{"rendered":"https:\/\/newmilanes.com\/chi-siamo\/"},"modified":"2024-12-14T14:12:53","modified_gmt":"2024-12-14T14:12:53","slug":"chi-siamo","status":"publish","type":"page","link":"https:\/\/newmilanes.com\/it\/chi-siamo\/","title":{"rendered":"Chi siamo"},"content":{"rendered":"\n\n\t<section class=\"section about-us--section dark\" id=\"section_1360572804\">\n\t\t<div class=\"section-bg fill\" >\n\t\t\t\t\t\t\t\t\t<div class=\"section-bg-overlay absolute fill\"><\/div><div class=\"loading-spin centered\"><\/div>\n\t\t\t\n\n\t\t<\/div>\n\n\t\t\n\n\t\t<div class=\"section-content relative\">\n\t\t\t\n\n<div class=\"row row-collapse row-full-width align-bottom align-center custom--full-height\"  id=\"row-1341956361\">\n\n\n\t<div id=\"col-1808931695\" class=\"col medium-6 small-12 large-6\"  >\n\t\t\t\t<div class=\"col-inner\"  >\n\t\t\t\n\t\t\t\n\n\t<div class=\"img has-hover x md-x lg-x y md-y lg-y\" id=\"image_871136309\">\n\t\t\t\t\t\t\t\t<div class=\"img-inner dark\" >\n\t\t\t<img loading=\"lazy\" decoding=\"async\" width=\"640\" height=\"1024\" src=\"https:\/\/newmilanes.com\/wp-content\/uploads\/2024\/11\/about_us_1-1-640x1024.jpeg\" class=\"attachment-large size-large\" alt=\"\" srcset=\"https:\/\/newmilanes.com\/wp-content\/uploads\/2024\/11\/about_us_1-1-640x1024.jpeg 640w, https:\/\/newmilanes.com\/wp-content\/uploads\/2024\/11\/about_us_1-1-188x300.jpeg 188w, https:\/\/newmilanes.com\/wp-content\/uploads\/2024\/11\/about_us_1-1-768x1229.jpeg 768w, https:\/\/newmilanes.com\/wp-content\/uploads\/2024\/11\/about_us_1-1-500x800.jpeg 500w, https:\/\/newmilanes.com\/wp-content\/uploads\/2024\/11\/about_us_1-1-510x816.jpeg 510w, https:\/\/newmilanes.com\/wp-content\/uploads\/2024\/11\/about_us_1-1.jpeg 800w\" sizes=\"auto, (max-width: 640px) 100vw, 640px\" \/>\t\t\t\t\t\t\n\t\t\t\t\t<\/div>\n\t\t\t\t\t\t\t\t\n<style>\n#image_871136309 {\n  width: 100%;\n}\n<\/style>\n\t<\/div>\n\t\n\n\n\t\t<\/div>\n\t\t\t\t\t<\/div>\n\n\t\n\n\t<div id=\"col-1037869413\" class=\"col medium-6 small-12 large-6\"  >\n\t\t\t\t<div class=\"col-inner text-left\"  >\n\t\t\t\n\t\t\t\n\n\t<div id=\"text-530852981\" class=\"text\">\n\t\t\n\n<h1>CHI SIAMO<\/h1>\n\t\t\n<style>\n#text-530852981 {\n  font-size: 1rem;\n}\n<\/style>\n\t<\/div>\n\t\n<p>Siamo un team giovane, eterogeneo e ambizioso con sede a Milano. Guidati dall&#8217;energia vibrante della citt\u00e0, puntano a ridefinire lo streetwear maschile fondendo la cultura urbana con la migliore artigianalit\u00e0 &#8220;Made in Italy&#8221;.<\/p>\n<p>Lo streetwear di New Milanes \u00e8 fatto per coloro che considerano Milano non solo una capitale della moda, ma anche il loro parco giochi. Ogni pezzo che creiamo \u00e8 pensato per elevare la tua routine quotidiana, dalle passeggiate casual al Parco Sempione agli spostamenti notturni in citt\u00e0.<\/p>\n<p>Siamo qui per ridefinire il significato di streetwear a Milano, stabilendo un nuovo standard per chi si rifiuta di accontentarsi dell&#8217;ordinario. Milano \u00e8 la nostra casa, ma la nostra visione \u00e8 globale.<\/p>\n<p>Benvenuto a New Milanes, il nuovo standard dello streetwear.<\/p>\n\n\t\t<\/div>\n\t\t\t\t\n<style>\n#col-1037869413 > .col-inner {\n  padding: 5% 5% 5% 5%;\n  max-width: 520px;\n}\n<\/style>\n\t<\/div>\n\n\t\n\n<\/div>\n\n\t\t<\/div>\n\n\t\t\n<style>\n#section_1360572804 {\n  padding-top: 0px;\n  padding-bottom: 0px;\n  background-color: rgb(0,0,0);\n}\n#section_1360572804 .section-bg-overlay {\n  background-color: rgba(0, 0, 0, 0.73);\n}\n<\/style>\n\t<\/section>\n\t\n\n\t<section class=\"section about-us--section dark hide-for-medium\" id=\"section_1391711947\">\n\t\t<div class=\"section-bg fill\" >\n\t\t\t\t\t\t\t\t\t<div class=\"section-bg-overlay absolute fill\"><\/div>\n\t\t\t\n\n\t\t<\/div>\n\n\t\t\n\n\t\t<div class=\"section-content relative\">\n\t\t\t\n\n<div class=\"row row-collapse row-full-width custom--full-height\"  id=\"row-157585042\">\n\n\n\t<div id=\"col-792610561\" class=\"col custom--full-height about-milan--column medium-6 small-12 large-6\"  >\n\t\t\t\t<div class=\"col-inner text-left\"  >\n\t\t\t\n\t\t\t\n\n\t<div id=\"text-467964281\" class=\"text about-milan--title\">\n\t\t\n\n<h2 style=\"text-align: right;\">SU MILANO<\/h2>\n\t\t\n<style>\n#text-467964281 {\n  font-size: 1rem;\n  text-align: right;\n}\n<\/style>\n\t<\/div>\n\t\n\t<div id=\"text-3183404834\" class=\"text about-milan--body\">\n\t\t\n\n<p style=\"text-align: right;\">Milano, la citt\u00e0 dove tutti possono diventare qualcuno.<\/p>\n<p style=\"text-align: right;\">Dalle prime luci che colpiscono le guglie del Duomo all&#8217;energia dei ritrovi notturni dei Navigli, la citt\u00e0 di Milano pulsa di stile, ambizione e cultura. Una citt\u00e0 dove la tradizione incontra l&#8217;innovazione e dove lo streetwear riceve un tocco di freschezza.<\/p>\n<p style=\"text-align: right;\">Progettiamo per l&#8217;uomo che si muove al ritmo del Milan. Siamo qui per l&#8217;uomo che esige stile e sostanza. \u00c8 audace e sicuro di s\u00e9. La sua giornata inizia con un espresso in un elegante caff\u00e8 di Brera, indossando jogger sartoriali e una giacca elegante.<\/p>\n<p style=\"text-align: right;\">Riunioni a Porta Nuova? Entra in scena indossando un ensemble che fa girare la testa ma che parla tranquillamente di raffinatezza. Di notte \u00e8 in giro per la citt\u00e0, a bere un drink nei lounge sui tetti e a navigare nella vita notturna con la stessa disinvoltura con cui gestisce la giornata.<\/p>\n<p><a href=\"newmilanes.com\/shop\">Acquista<\/a> oggi stesso e migliora il tuo stile.<\/p>\n\t\t\n<style>\n#text-3183404834 {\n  text-align: right;\n}\n<\/style>\n\t<\/div>\n\t\n\n\t\t<\/div>\n\t\t\t\t\n<style>\n#col-792610561 > .col-inner {\n  padding: 5% 5% 5% 0px;\n  max-width: 520px;\n}\n<\/style>\n\t<\/div>\n\n\t\n\n\t<div id=\"col-1170275472\" class=\"col medium-6 small-12 large-6\"  >\n\t\t\t\t<div class=\"col-inner\"  >\n\t\t\t\n\t\t\t\n\n\t<div class=\"img has-hover x md-x lg-x y md-y lg-y\" id=\"image_1357552614\">\n\t\t\t\t\t\t\t\t<div class=\"img-inner dark\" >\n\t\t\t<img loading=\"lazy\" decoding=\"async\" width=\"640\" height=\"1024\" src=\"https:\/\/newmilanes.com\/wp-content\/uploads\/2024\/11\/about_us_2-1-640x1024.jpeg\" class=\"attachment-large size-large\" alt=\"\" srcset=\"https:\/\/newmilanes.com\/wp-content\/uploads\/2024\/11\/about_us_2-1-640x1024.jpeg 640w, https:\/\/newmilanes.com\/wp-content\/uploads\/2024\/11\/about_us_2-1-188x300.jpeg 188w, https:\/\/newmilanes.com\/wp-content\/uploads\/2024\/11\/about_us_2-1-768x1229.jpeg 768w, https:\/\/newmilanes.com\/wp-content\/uploads\/2024\/11\/about_us_2-1-500x800.jpeg 500w, https:\/\/newmilanes.com\/wp-content\/uploads\/2024\/11\/about_us_2-1-510x816.jpeg 510w, https:\/\/newmilanes.com\/wp-content\/uploads\/2024\/11\/about_us_2-1.jpeg 800w\" sizes=\"auto, (max-width: 640px) 100vw, 640px\" \/>\t\t\t\t\t\t\n\t\t\t\t\t<\/div>\n\t\t\t\t\t\t\t\t\n<style>\n#image_1357552614 {\n  width: 100%;\n}\n<\/style>\n\t<\/div>\n\t\n\n\n\t\t<\/div>\n\t\t\t\t\t<\/div>\n\n\t\n\n<\/div>\n\n\t\t<\/div>\n\n\t\t\n<style>\n#section_1391711947 {\n  padding-top: 0px;\n  padding-bottom: 0px;\n  background-color: rgb(0,0,0);\n}\n#section_1391711947 .section-bg-overlay {\n  background-color: rgba(0, 0, 0, 0.7);\n}\n<\/style>\n\t<\/section>\n\t\n\n\t<section class=\"section about-us--section dark show-for-medium\" id=\"section_798835365\">\n\t\t<div class=\"section-bg fill\" >\n\t\t\t\t\t\t\t\t\t<div class=\"section-bg-overlay absolute fill\"><\/div>\n\t\t\t\n\n\t\t<\/div>\n\n\t\t\n\n\t\t<div class=\"section-content relative\">\n\t\t\t\n\n<div class=\"row row-collapse row-full-width custom--full-height\"  id=\"row-874406705\">\n\n\n\t<div id=\"col-181511477\" class=\"col medium-6 small-12 large-6\"  >\n\t\t\t\t<div class=\"col-inner\"  >\n\t\t\t\n\t\t\t\n\n\t<div class=\"img has-hover x md-x lg-x y md-y lg-y\" id=\"image_11165394\">\n\t\t\t\t\t\t\t\t<div class=\"img-inner dark\" >\n\t\t\t<img loading=\"lazy\" decoding=\"async\" width=\"640\" height=\"1024\" src=\"https:\/\/newmilanes.com\/wp-content\/uploads\/2024\/11\/about_us_2-1-640x1024.jpeg\" class=\"attachment-large size-large\" alt=\"\" srcset=\"https:\/\/newmilanes.com\/wp-content\/uploads\/2024\/11\/about_us_2-1-640x1024.jpeg 640w, https:\/\/newmilanes.com\/wp-content\/uploads\/2024\/11\/about_us_2-1-188x300.jpeg 188w, https:\/\/newmilanes.com\/wp-content\/uploads\/2024\/11\/about_us_2-1-768x1229.jpeg 768w, https:\/\/newmilanes.com\/wp-content\/uploads\/2024\/11\/about_us_2-1-500x800.jpeg 500w, https:\/\/newmilanes.com\/wp-content\/uploads\/2024\/11\/about_us_2-1-510x816.jpeg 510w, https:\/\/newmilanes.com\/wp-content\/uploads\/2024\/11\/about_us_2-1.jpeg 800w\" sizes=\"auto, (max-width: 640px) 100vw, 640px\" \/>\t\t\t\t\t\t\n\t\t\t\t\t<\/div>\n\t\t\t\t\t\t\t\t\n<style>\n#image_11165394 {\n  width: 100%;\n}\n<\/style>\n\t<\/div>\n\t\n\n\n\t\t<\/div>\n\t\t\t\t\t<\/div>\n\n\t\n\n\t<div id=\"col-1038885892\" class=\"col custom--full-height about-milan--column medium-6 small-12 large-6\"  >\n\t\t\t\t<div class=\"col-inner text-left\"  >\n\t\t\t\n\t\t\t\n\n\t<div id=\"text-2665251754\" class=\"text about-milan--title\">\n\t\t\n\n<h2 style=\"text-align: right;\">SU MILANO<\/h2>\n\t\t\n<style>\n#text-2665251754 {\n  font-size: 1rem;\n  text-align: right;\n}\n<\/style>\n\t<\/div>\n\t\n\t<div id=\"text-2931804486\" class=\"text about-milan--body\">\n\t\t\n\n<p style=\"text-align: right;\">Milano, la citt\u00e0 dove tutti possono diventare qualcuno.<\/p>\n<p style=\"text-align: right;\">Dalle prime luci che colpiscono le guglie del Duomo all&#8217;energia dei ritrovi notturni dei Navigli, la citt\u00e0 di Milano pulsa di stile, ambizione e cultura. Una citt\u00e0 dove la tradizione incontra l&#8217;innovazione e dove lo streetwear riceve un tocco di freschezza.<\/p>\n<p style=\"text-align: right;\">Progettiamo per l&#8217;uomo che si muove al ritmo del Milan. Siamo qui per l&#8217;uomo che esige stile e sostanza. \u00c8 audace e sicuro di s\u00e9. La sua giornata inizia con un espresso in un elegante caff\u00e8 di Brera, indossando jogger sartoriali e una giacca elegante.<\/p>\n<p style=\"text-align: right;\">Riunioni a Porta Nova? Entra in scena indossando un ensemble che fa girare la testa ma che parla tranquillamente di raffinatezza. Di notte \u00e8 in giro per la citt\u00e0, a bere un drink nei lounge sui tetti e a navigare nella vita notturna con la stessa disinvoltura con cui gestisce la giornata.<\/p>\n<p><a href=\"https:\/\/newmilanes.com\/shop-new-milanes\/\">Acquista oggi stesso e migliora il tuo stile.<\/a><\/p>\n\t\t\n<style>\n#text-2931804486 {\n  text-align: right;\n}\n<\/style>\n\t<\/div>\n\t\n\n\t\t<\/div>\n\t\t\t\t\n<style>\n#col-1038885892 > .col-inner {\n  padding: 5% 5% 5% 0px;\n  max-width: 520px;\n}\n<\/style>\n\t<\/div>\n\n\t\n\n<\/div>\n\n\t\t<\/div>\n\n\t\t\n<style>\n#section_798835365 {\n  padding-top: 0px;\n  padding-bottom: 0px;\n  background-color: rgb(0,0,0);\n}\n#section_798835365 .section-bg-overlay {\n  background-color: rgba(0, 0, 0, 0.7);\n}\n<\/style>\n\t<\/section>\n\t\n\t<div id=\"gap-100940956\" class=\"gap-element clearfix black--bg\" style=\"display:block; height:auto;\">\n\t\t\n<style>\n#gap-100940956 {\n  padding-top: 100px;\n}\n<\/style>\n\t<\/div>\n\t\n\n\n\t<section class=\"section dark\" id=\"section_831118878\">\n\t\t<div class=\"section-bg fill\" >\n\t\t\t\t\t\t\t\t\t<div class=\"section-bg-overlay absolute fill\"><\/div>\n\t\t\t\n\n\t\t<\/div>\n\n\t\t\n\n\t\t<div class=\"section-content relative\">\n\t\t\t\n\n<div class=\"row\"  id=\"row-611166959\">\n\n\n\t<div id=\"col-845908626\" class=\"col small-12 large-12\"  >\n\t\t\t\t<div class=\"col-inner text-center\"  >\n\t\t\t\n\t\t\t\n\n<div class=\"social-icons follow-icons social-icons\" ><a href=\"https:\/\/www.facebook.com\/profile.php?id=61565106817949\" target=\"_blank\" data-label=\"Facebook\" class=\"icon button circle is-outline tooltip facebook\" title=\"Seguici su Facebook\" aria-label=\"Seguici su Facebook\" rel=\"noopener nofollow\"><i class=\"icon-facebook\" aria-hidden=\"true\"><\/i><\/a><a href=\"https:\/\/www.instagram.com\/new_milanes\/\" target=\"_blank\" data-label=\"Instagram\" class=\"icon button circle is-outline tooltip instagram\" title=\"Seguici su Instagram\" aria-label=\"Seguici su Instagram\" rel=\"noopener nofollow\"><i class=\"icon-instagram\" aria-hidden=\"true\"><\/i><\/a><a href=\"https:\/\/www.tiktok.com\/@new_milanes\" target=\"_blank\" data-label=\"TikTok\" class=\"icon button circle is-outline tooltip tiktok\" title=\"Segui su TikTok\" aria-label=\"Segui su TikTok\" rel=\"noopener nofollow\"><i class=\"icon-tiktok\" aria-hidden=\"true\"><\/i><\/a><a href=\"https:\/\/www.youtube.com\/@NewMilanes\" data-label=\"YouTube\" target=\"_blank\" class=\"icon button circle is-outline tooltip youtube\" title=\"Seguici su YouTube\" aria-label=\"Seguici su YouTube\" rel=\"noopener nofollow\"><i class=\"icon-youtube\" aria-hidden=\"true\"><\/i><\/a><\/div>\n\n\n\t\t<\/div>\n\t\t\t\t\t<\/div>\n\n\t\n\n<\/div>\n\n\t\t<\/div>\n\n\t\t\n<style>\n#section_831118878 {\n  padding-top: 0px;\n  padding-bottom: 0px;\n  min-height: 0vh;\n  background-color: rgb(0,0,0);\n}\n#section_831118878 .section-bg-overlay {\n  background-color: rgba(0, 0, 0, 0.7);\n}\n<\/style>\n\t<\/section>\n\t\n\t<div id=\"gap-273756715\" class=\"gap-element clearfix black--bg\" style=\"display:block; height:auto;\">\n\t\t\n<style>\n#gap-273756715 {\n  padding-top: 100px;\n}\n<\/style>\n\t<\/div>\n\t\n\n\n\t<section class=\"section dark\" id=\"section_49354107\">\n\t\t<div class=\"section-bg fill\" >\n\t\t\t\t\t\t\t\t\t<div class=\"section-bg-overlay absolute fill\"><\/div>\n\t\t\t\n\n\t\t<\/div>\n\n\t\t\n\n\t\t<div class=\"section-content relative\">\n\t\t\t\n\n<div class=\"container section-title-container\" ><h3 class=\"section-title section-title-normal\"><b aria-hidden=\"true\"><\/b><span class=\"section-title-main\" >Archivio editoriale<\/span><b aria-hidden=\"true\"><\/b><\/h3><\/div>\n\n<div class=\"row\"  id=\"row-422720059\">\n\n\n\t<div id=\"col-665723366\" class=\"col medium-6 small-12 large-6\"  >\n\t\t\t\t<div class=\"col-inner\"  >\n\t\t\t\n\t\t\t\n\n\t<div class=\"box has-hover   has-hover box-shadow-5-hover box-text-bottom\" >\n\n\t\t<div class=\"box-image\" >\n\t\t\t<a href=\"https:\/\/newmilanes.com\/it\/collezione-milanese-2024\/\">\t\t\t<div class=\"image-cover\" style=\"padding-top:50%;\">\n\t\t\t\t<img loading=\"lazy\" decoding=\"async\" width=\"800\" height=\"1200\" src=\"https:\/\/newmilanes.com\/wp-content\/uploads\/2024\/12\/19_collection-milanese-2024.jpeg\" class=\"attachment- size-\" alt=\"\" srcset=\"https:\/\/newmilanes.com\/wp-content\/uploads\/2024\/12\/19_collection-milanese-2024.jpeg 800w, https:\/\/newmilanes.com\/wp-content\/uploads\/2024\/12\/19_collection-milanese-2024-200x300.jpeg 200w, https:\/\/newmilanes.com\/wp-content\/uploads\/2024\/12\/19_collection-milanese-2024-683x1024.jpeg 683w, https:\/\/newmilanes.com\/wp-content\/uploads\/2024\/12\/19_collection-milanese-2024-768x1152.jpeg 768w, https:\/\/newmilanes.com\/wp-content\/uploads\/2024\/12\/19_collection-milanese-2024-500x750.jpeg 500w, https:\/\/newmilanes.com\/wp-content\/uploads\/2024\/12\/19_collection-milanese-2024-510x765.jpeg 510w\" sizes=\"auto, (max-width: 800px) 100vw, 800px\" \/>\t\t\t\t\t\t\t\t\t\t\t<\/div>\n\t\t\t<\/a>\t\t<\/div>\n\n\t\t<div class=\"box-text text-center\" >\n\t\t\t<div class=\"box-text-inner\">\n\t\t\t\t\n\n<h4>MILANESE<\/h4>\n<p>Da New Milanes &#8211; 2024<\/p>\n\n\t\t\t<\/div>\n\t\t<\/div>\n\t<\/div>\n\t\n\n\t\t<\/div>\n\t\t\t\t\t<\/div>\n\n\t\n\n\t<div id=\"col-30088328\" class=\"col medium-6 small-12 large-6\"  >\n\t\t\t\t<div class=\"col-inner\"  >\n\t\t\t\n\t\t\t\n\n\t<div class=\"box has-hover   has-hover box-shadow-5-hover box-text-bottom\" >\n\n\t\t<div class=\"box-image\" >\n\t\t\t\t\t\t<div class=\"image-cover\" style=\"padding-top:50%;\">\n\t\t\t\t<img loading=\"lazy\" decoding=\"async\" width=\"800\" height=\"1200\" src=\"https:\/\/newmilanes.com\/wp-content\/uploads\/2024\/12\/coming_soon_basic.jpg\" class=\"attachment- size-\" alt=\"\" srcset=\"https:\/\/newmilanes.com\/wp-content\/uploads\/2024\/12\/coming_soon_basic.jpg 800w, https:\/\/newmilanes.com\/wp-content\/uploads\/2024\/12\/coming_soon_basic-200x300.jpg 200w, https:\/\/newmilanes.com\/wp-content\/uploads\/2024\/12\/coming_soon_basic-683x1024.jpg 683w, https:\/\/newmilanes.com\/wp-content\/uploads\/2024\/12\/coming_soon_basic-768x1152.jpg 768w, https:\/\/newmilanes.com\/wp-content\/uploads\/2024\/12\/coming_soon_basic-500x750.jpg 500w, https:\/\/newmilanes.com\/wp-content\/uploads\/2024\/12\/coming_soon_basic-510x765.jpg 510w\" sizes=\"auto, (max-width: 800px) 100vw, 800px\" \/>\t\t\t\t<div class=\"overlay\" style=\"background-color:rgba(0, 0, 0, 0.3)\"><\/div>\t\t\t\t\t\t\t<\/div>\n\t\t\t\t\t<\/div>\n\n\t\t<div class=\"box-text text-center\" >\n\t\t\t<div class=\"box-text-inner\">\n\t\t\t\t\n\n<h5>RIMANI SINTONIZZATO<\/h5>\n<p>In arrivo nel 2025<\/p>\n\n\t\t\t<\/div>\n\t\t<\/div>\n\t<\/div>\n\t\n\n\t\t<\/div>\n\t\t\t\t\t<\/div>\n\n\t\n\n<\/div>\n\n\t\t<\/div>\n\n\t\t\n<style>\n#section_49354107 {\n  padding-top: 0px;\n  padding-bottom: 0px;\n  min-height: 0vh;\n  background-color: rgb(0,0,0);\n}\n#section_49354107 .section-bg-overlay {\n  background-color: rgba(0, 0, 0, 0.7);\n}\n<\/style>\n\t<\/section>\n\t\n\n","protected":false},"excerpt":{"rendered":"","protected":false},"author":1,"featured_media":0,"parent":0,"menu_order":0,"comment_status":"closed","ping_status":"closed","template":"page-blank.php","meta":{"_acf_changed":false,"nf_dc_page":"","footnotes":""},"class_list":["post-2887","page","type-page","status-publish","hentry"],"acf":[],"_links":{"self":[{"href":"https:\/\/newmilanes.com\/it\/wp-json\/wp\/v2\/pages\/2887","targetHints":{"allow":["GET"]}}],"collection":[{"href":"https:\/\/newmilanes.com\/it\/wp-json\/wp\/v2\/pages"}],"about":[{"href":"https:\/\/newmilanes.com\/it\/wp-json\/wp\/v2\/types\/page"}],"author":[{"embeddable":true,"href":"https:\/\/newmilanes.com\/it\/wp-json\/wp\/v2\/users\/1"}],"replies":[{"embeddable":true,"href":"https:\/\/newmilanes.com\/it\/wp-json\/wp\/v2\/comments?post=2887"}],"version-history":[{"count":2,"href":"https:\/\/newmilanes.com\/it\/wp-json\/wp\/v2\/pages\/2887\/revisions"}],"predecessor-version":[{"id":3311,"href":"https:\/\/newmilanes.com\/it\/wp-json\/wp\/v2\/pages\/2887\/revisions\/3311"}],"wp:attachment":[{"href":"https:\/\/newmilanes.com\/it\/wp-json\/wp\/v2\/media?parent=2887"}],"curies":[{"name":"wp","href":"https:\/\/api.w.org\/{rel}","templated":true}]}}