{"id":2896,"date":"2024-11-25T17:09:58","date_gmt":"2024-11-25T17:09:58","guid":{"rendered":"https:\/\/newmilanes.com\/product\/new-rebels\/"},"modified":"2025-08-10T02:19:39","modified_gmt":"2025-08-10T02:19:39","slug":"new-rebels","status":"publish","type":"product","link":"https:\/\/newmilanes.com\/it\/product\/new-rebels\/","title":{"rendered":"New Rebels"},"content":{"rendered":"<p>Fai una dichiarazione audace con la nostra felpa nera da uomo, con stampa orgogliosa di<\/p>\n<h2>&#8220;WE ARE NEW REBELS&#8221;<\/h2>\n<p>in un bianco sorprendente. Questo pezzo incarna un senso di energia e individualit\u00e0, rendendolo un&#8217;aggiunta perfetta al tuo guardaroba. Realizzata in 100% cotone french terry di prima qualit\u00e0, questa felpa garantisce comfort e calore, mentre la sua vestibilit\u00e0 regolare permette di indossarla facilmente.<\/p>\n","protected":false},"excerpt":{"rendered":"<p>Fai una dichiarazione audace con la nostra felpa nera da uomo, con stampa orgogliosa di &#8220;WE ARE NEW REBELS&#8221; in un bianco sorprendente. Questo pezzo incarna un senso di energia e individualit\u00e0, rendendolo un&#8217;aggiunta perfetta al tuo guardaroba. Realizzata in 100% cotone french terry di prima qualit\u00e0, questa felpa garantisce comfort e calore, mentre la [&#8230;]\n","protected":false},"featured_media":3565,"template":"","meta":{"_acf_changed":false,"nf_dc_page":""},"product_brand":[],"product_cat":[47],"product_tag":[],"class_list":{"0":"post-2896","1":"product","2":"type-product","3":"status-publish","4":"has-post-thumbnail","6":"product_cat-pullover","7":"pa_size-large-it","8":"pa_size-medium-it","9":"pa_size-small-it","10":"pa_size-xl-it","12":"first","13":"instock","14":"taxable","15":"shipping-taxable","16":"purchasable","17":"product-type-variable"},"acf":[],"_links":{"self":[{"href":"https:\/\/newmilanes.com\/it\/wp-json\/wp\/v2\/product\/2896","targetHints":{"allow":["GET"]}}],"collection":[{"href":"https:\/\/newmilanes.com\/it\/wp-json\/wp\/v2\/product"}],"about":[{"href":"https:\/\/newmilanes.com\/it\/wp-json\/wp\/v2\/types\/product"}],"wp:featuredmedia":[{"embeddable":true,"href":"https:\/\/newmilanes.com\/it\/wp-json\/wp\/v2\/media\/3565"}],"wp:attachment":[{"href":"https:\/\/newmilanes.com\/it\/wp-json\/wp\/v2\/media?parent=2896"}],"wp:term":[{"taxonomy":"product_brand","embeddable":true,"href":"https:\/\/newmilanes.com\/it\/wp-json\/wp\/v2\/product_brand?post=2896"},{"taxonomy":"product_cat","embeddable":true,"href":"https:\/\/newmilanes.com\/it\/wp-json\/wp\/v2\/product_cat?post=2896"},{"taxonomy":"product_tag","embeddable":true,"href":"https:\/\/newmilanes.com\/it\/wp-json\/wp\/v2\/product_tag?post=2896"}],"curies":[{"name":"wp","href":"https:\/\/api.w.org\/{rel}","templated":true}]}}