{"id":2931,"date":"2024-11-25T14:16:23","date_gmt":"2024-11-25T14:16:23","guid":{"rendered":"https:\/\/newmilanes.com\/product\/the-shiny-smile\/"},"modified":"2025-08-10T02:55:18","modified_gmt":"2025-08-10T02:55:18","slug":"the-shiny-smile","status":"publish","type":"product","link":"https:\/\/newmilanes.com\/it\/product\/the-shiny-smile\/","title":{"rendered":"The Shiny Smile"},"content":{"rendered":"<p>Esprimi la tua identit\u00e0 attraverso ogni dettaglio. Il nostro girocollo da uomo <\/p>\n<h2>Shiny Smile<\/h2>\n<p>La felpa di questo brand \u00e8 caratterizzata da un esclusivo design a forma di smiley che irradia personalit\u00e0. Il sorriso brillante e gli occhi riflettenti sono realizzati con precisione e aggiungono un tocco giocoso e sofisticato al tuo look. Questa felpa combina senza sforzo comfort e stile, perfetta per distinguersi con un lusso discreto.  <\/p>\n","protected":false},"excerpt":{"rendered":"<p>Esprimi la tua identit\u00e0 attraverso ogni dettaglio. Il nostro girocollo da uomo Shiny Smile La felpa di questo brand \u00e8 caratterizzata da un esclusivo design a forma di smiley che irradia personalit\u00e0. Il sorriso brillante e gli occhi riflettenti sono realizzati con precisione e aggiungono un tocco giocoso e sofisticato al tuo look. Questa felpa [&#8230;]\n","protected":false},"featured_media":3621,"template":"","meta":{"_acf_changed":false,"nf_dc_page":""},"product_brand":[],"product_cat":[47],"product_tag":[],"class_list":{"0":"post-2931","1":"product","2":"type-product","3":"status-publish","4":"has-post-thumbnail","6":"product_cat-pullover","7":"pa_size-large-it","8":"pa_size-medium-it","9":"pa_size-small-it","10":"pa_size-xl-it","12":"first","13":"instock","14":"taxable","15":"shipping-taxable","16":"purchasable","17":"product-type-variable"},"acf":[],"_links":{"self":[{"href":"https:\/\/newmilanes.com\/it\/wp-json\/wp\/v2\/product\/2931","targetHints":{"allow":["GET"]}}],"collection":[{"href":"https:\/\/newmilanes.com\/it\/wp-json\/wp\/v2\/product"}],"about":[{"href":"https:\/\/newmilanes.com\/it\/wp-json\/wp\/v2\/types\/product"}],"wp:featuredmedia":[{"embeddable":true,"href":"https:\/\/newmilanes.com\/it\/wp-json\/wp\/v2\/media\/3621"}],"wp:attachment":[{"href":"https:\/\/newmilanes.com\/it\/wp-json\/wp\/v2\/media?parent=2931"}],"wp:term":[{"taxonomy":"product_brand","embeddable":true,"href":"https:\/\/newmilanes.com\/it\/wp-json\/wp\/v2\/product_brand?post=2931"},{"taxonomy":"product_cat","embeddable":true,"href":"https:\/\/newmilanes.com\/it\/wp-json\/wp\/v2\/product_cat?post=2931"},{"taxonomy":"product_tag","embeddable":true,"href":"https:\/\/newmilanes.com\/it\/wp-json\/wp\/v2\/product_tag?post=2931"}],"curies":[{"name":"wp","href":"https:\/\/api.w.org\/{rel}","templated":true}]}}